{"id":3262,"date":"2021-05-10T20:19:00","date_gmt":"2021-05-10T20:19:00","guid":{"rendered":"https:\/\/tattoo-removal-platform.com\/swiss-color\/startzeite\/"},"modified":"2024-12-20T10:34:29","modified_gmt":"2024-12-20T09:34:29","slug":"startzeite","status":"publish","type":"page","link":"https:\/\/tattoo-removal-platform.com\/swiss-color\/fr\/","title":{"rendered":"Page d&rsquo;accueil"},"content":{"rendered":"<p>[vc_row][vc_column][vc_column_text]<style id=\"kt-blocks_730e94-e6\">@media all and (min-width: 768px){#kt-layout-id_730e94-e6 > .kt-row-column-wrap > .inner-column-1{flex:0 1 55%;-webkit-flex:0 1 55%;}#kt-layout-id_730e94-e6 > .kt-row-column-wrap > .inner-column-2{flex:0 1 45%;-webkit-flex:0 1 45%;}}#kt-layout-id_730e94-e6{background-image:url('https:\/\/tattoo-removal-platform.com\/test\/wp-content\/uploads\/sites\/3\/2020\/11\/headway-5QgIuuBxKwM-unsplash-min.jpg');background-size:cover;background-position:50% 50%;background-attachment:scroll;background-repeat:no-repeat;}#kt-layout-id_730e94-e6 > .kt-row-column-wrap{padding-top:200px;padding-bottom:150px;padding-left:25px;padding-right:25px;max-width:1200px;margin-left:auto;margin-right:auto;}#kt-layout-id_730e94-e6 > .kt-row-layout-overlay{opacity:1;background-image:linear-gradient(100deg, var(--global-palette9) 55%, rgba(255, 255, 255, 0) 36%);}@media all and (max-width: 767px){#kt-layout-id_730e94-e6 > .kt-row-column-wrap{padding-top:115px;padding-bottom:140px;}#kt-layout-id_730e94-e6{background-image:url('https:\/\/tattoo-removal-platform.com\/test\/wp-content\/uploads\/sites\/3\/2020\/09\/hero-mobile-background-min.jpg');background-size:cover;background-position:center center;background-attachment:scroll;background-repeat:no-repeat;}#kt-layout-id_730e94-e6 > .kt-row-layout-overlay{opacity:0.90;background-color:var(--global-palette9);}}<\/style><\/p>\n<div class=\"wp-block-kadence-rowlayout alignnone\">\n<div id=\"kt-layout-id_730e94-e6\" class=\"kt-row-layout-inner kt-row-has-bg kt-layout-id_730e94-e6\">\n<div class=\"kt-row-layout-overlay kt-row-overlay-gradient\">\u00a0<\/div>\n<div class=\"kt-row-column-wrap kt-has-2-columns kt-gutter-default kt-v-gutter-default kt-row-valign-top kt-row-layout-equal kt-tab-layout-inherit kt-m-colapse-left-to-right kt-mobile-layout-row kt-custom-first-width-55 kt-custom-second-width-45\">\n<div class=\"wp-block-kadence-column inner-column-1 kadence-column_993da9-39\">\n<div class=\"kt-inside-inner-col\"><style id=\"kt-blocks_2dca8d-6e\">#kt-adv-heading_2dca8d-6e, #kt-adv-heading_2dca8d-6e .wp-block-kadence-advancedheading, .wp-block-kadence-advancedheading.kt-adv-heading_2dca8d-6e[data-kb-block=\"kb-adv-heading_2dca8d-6e\"], .kadence-advanced-heading-wrapper .kt-adv-heading_2dca8d-6e[data-kb-block=\"kb-adv-heading_2dca8d-6e\"]{font-size:3.2em;line-height:1.2em;margin-bottom:25px;}#kt-adv-heading_2dca8d-6e mark, #kt-adv-heading_2dca8d-6e .wp-block-kadence-advancedheading mark, .kt-adv-heading_2dca8d-6e[data-kb-block=\"kb-adv-heading_2dca8d-6e\"] mark{color:var(--global-palette1);padding:0px 0px 0px 0px;}@media all and (max-width: 767px){#kt-adv-heading_2dca8d-6e, #kt-adv-heading_2dca8d-6e .wp-block-kadence-advancedheading, .wp-block-kadence-advancedheading.kt-adv-heading_2dca8d-6e[data-kb-block=\"kb-adv-heading_2dca8d-6e\"], .kadence-advanced-heading-wrapper .kt-adv-heading_2dca8d-6e[data-kb-block=\"kb-adv-heading_2dca8d-6e\"]{font-size:2.4em;}}<\/style>\n<h1 class=\"kt-adv-heading_2dca8d-6e wp-block-kadence-advancedheading\" data-kb-block=\"kb-adv-heading_2dca8d-6e\">Formation pour l&rsquo;\u00e9claircissement, la correction et l&rsquo;enl\u00e8vement de maquillage permanent, du microblading et tatouages corporels<\/h1>\n<br \/>\n<p class=\"has-theme-palette-5-color has-text-color\" style=\"font-size: 20px;\">Cette formation est une introduction parfaite au d\u00e9tatouage sans laser. Veuillez vous renseigner au pr\u00e9alable sur les conditions d&rsquo;exercice des techniques d&rsquo;effacement dans votre pays. Une collaboration avec un m\u00e9decin peut \u00eatre n\u00e9cessaire. Les tatoueurs peuvent \u00e9claircir les cover-up sans affecter la peau. Les maquilleurs permanents corrigent rapidement et facilement les pigmentations l\u00e9g\u00e8res et moyennes des sourcils et des l\u00e8vres.<\/p>\n<br \/><style id=\"kt-blocks_460bbf-d7\">.kt-btns_460bbf-d7 .kt-btn-wrap-0{margin-right:15px;}rtl .kt-btns_460bbf-d7 .kt-btn-wrap-0{margin-left:15px;margin-right:0px;}.wp-block-kadence-advancedbtn.kt-btns_460bbf-d7 .kt-btn-wrap-0 .kt-button{padding-left:40px;padding-right:40px;padding-top:14px;padding-bottom:14px;color:var(--global-palette9);font-size:20px;background:var(--global-palette1);border-color:var(--global-palette1);}.wp-block-kadence-advancedbtn.kt-btns_460bbf-d7 .kt-btn-wrap-0 .kt-button:hover, .wp-block-kadence-advancedbtn.kt-btns_460bbf-d7 .kt-btn-wrap-0 .kt-button:focus{color:var(--global-palette9);border-color:var(--global-palette2);}.wp-block-kadence-advancedbtn.kt-btns_460bbf-d7 .kt-btn-wrap-0 .kt-button::before{display:none;}.wp-block-kadence-advancedbtn.kt-btns_460bbf-d7 .kt-btn-wrap-0 .kt-button:hover, .wp-block-kadence-advancedbtn.kt-btns_460bbf-d7 .kt-btn-wrap-0 .kt-button:focus{background:var(--global-palette2);}@media all and (max-width: 767px){.kt-btns_460bbf-d7 .kt-btn-wrap-0{margin-right:0px;}}.kt-btns_460bbf-d7 .kt-btn-wrap-1{margin-right:25px;}rtl .kt-btns_460bbf-d7 .kt-btn-wrap-1{margin-left:25px;margin-right:0px;}.wp-block-kadence-advancedbtn.kt-btns_460bbf-d7 .kt-btn-wrap-1 .kt-button{padding-left:40px;padding-right:40px;padding-top:14px;padding-bottom:14px;color:var(--global-palette2);font-size:20px;background:var(--global-palette7);border-color:var(--global-palette1);}.wp-block-kadence-advancedbtn.kt-btns_460bbf-d7 .kt-btn-wrap-1 .kt-button:hover, .wp-block-kadence-advancedbtn.kt-btns_460bbf-d7 .kt-btn-wrap-1 .kt-button:focus{color:var(--global-palette2);border-color:var(--global-palette2);}.wp-block-kadence-advancedbtn.kt-btns_460bbf-d7 .kt-btn-wrap-1 .kt-button::before{display:none;}.wp-block-kadence-advancedbtn.kt-btns_460bbf-d7 .kt-btn-wrap-1 .kt-button:hover, .wp-block-kadence-advancedbtn.kt-btns_460bbf-d7 .kt-btn-wrap-1 .kt-button:focus{background:var(--global-palette7);}@media all and (max-width: 767px){.kt-btns_460bbf-d7 .kt-btn-wrap-1{margin-right:0px;}}<\/style>\n<div class=\"wp-block-kadence-advancedbtn kt-btn-align-left kt-btn-tablet-align-inherit kt-btn-mobile-align-center kt-btns-wrap kt-btns_460bbf-d7\">\n<div class=\"kt-btn-wrap kt-btn-wrap-0\"><a href=\"https:\/\/tattoo-removal-platform.com\/swiss-color\/fr\/shop\/?add-to-cart=60581\"><span class=\"kt-btn-inner-text\">R\u00e9servez cette formation<\/span><\/a><\/div>\n<div class=\"kt-btn-wrap kt-btn-wrap-1\"><a class=\"kt-button button kt-btn-1-action kt-btn-size-custom kt-btn-style-basic kt-btn-svg-show-always kt-btn-has-text-true kt-btn-has-svg-false\" style=\"border-radius: 6px; border-width: 0px;\" href=\"https:\/\/tattoo-removal-platform.com\/swiss-color\/fr\/courses\/formation-pour-la-correction-lenlevement-et-leclaircissement-de-maquillage-permanent-microblading-et-tatouages\/\"><span class=\"kt-btn-inner-text\">Plus d&rsquo;infos<\/span><\/a><\/div>\n<\/div>\n<br \/><br \/>\n<\/div>\n<\/div>\n<br \/>\n<div class=\"wp-block-kadence-column inner-column-2 kadence-column_60c3ac-c2\">\n<div class=\"kt-inside-inner-col\">\u00a0<\/div>\n<\/div>\n\n<\/div>\n<\/div>\n<\/div>\n<p>\u00a0<\/p>\n\n<p><style>\nbutton.kt-blocks-accordion-header[aria-expanded=\"false\"]{<br \/>  border-radius: 6px !important;<br \/>}<br \/><\/style>\n<\/p>\n\n\n<p>&nbsp;<\/p>\n<p>[\/vc_column_text][\/vc_column][\/vc_row]<\/p>\n","protected":false},"excerpt":{"rendered":"<p>[vc_row][vc_column][vc_column_text]\u00a0 &nbsp; [\/vc_column_text][\/vc_column][\/vc_row]<\/p>\n","protected":false},"author":1,"featured_media":0,"parent":0,"menu_order":0,"comment_status":"closed","ping_status":"closed","template":"","meta":{"kt_blocks_editor_width":"","_kad_post_transparent":"default","_kad_post_title":"hide","_kad_post_layout":"default","_kad_post_sidebar_id":"","_kad_post_content_style":"default","_kad_post_vertical_padding":"default","_kad_post_feature":"","_kad_post_feature_position":"","_kad_post_header":false,"_kad_post_footer":false},"_links":{"self":[{"href":"https:\/\/tattoo-removal-platform.com\/swiss-color\/fr\/wp-json\/wp\/v2\/pages\/3262"}],"collection":[{"href":"https:\/\/tattoo-removal-platform.com\/swiss-color\/fr\/wp-json\/wp\/v2\/pages"}],"about":[{"href":"https:\/\/tattoo-removal-platform.com\/swiss-color\/fr\/wp-json\/wp\/v2\/types\/page"}],"author":[{"embeddable":true,"href":"https:\/\/tattoo-removal-platform.com\/swiss-color\/fr\/wp-json\/wp\/v2\/users\/1"}],"replies":[{"embeddable":true,"href":"https:\/\/tattoo-removal-platform.com\/swiss-color\/fr\/wp-json\/wp\/v2\/comments?post=3262"}],"version-history":[{"count":2,"href":"https:\/\/tattoo-removal-platform.com\/swiss-color\/fr\/wp-json\/wp\/v2\/pages\/3262\/revisions"}],"predecessor-version":[{"id":62185,"href":"https:\/\/tattoo-removal-platform.com\/swiss-color\/fr\/wp-json\/wp\/v2\/pages\/3262\/revisions\/62185"}],"wp:attachment":[{"href":"https:\/\/tattoo-removal-platform.com\/swiss-color\/fr\/wp-json\/wp\/v2\/media?parent=3262"}],"curies":[{"name":"wp","href":"https:\/\/api.w.org\/{rel}","templated":true}]}}