{"id":3332,"date":"2021-06-11T08:25:24","date_gmt":"2021-06-11T05:25:24","guid":{"rendered":"https:\/\/tattoo-removal-platform.com\/swiss-color\/?page_id=3332"},"modified":"2021-07-13T13:32:19","modified_gmt":"2021-07-13T10:32:19","slug":"privacy-policy","status":"publish","type":"page","link":"https:\/\/tattoo-removal-platform.com\/swiss-color\/privacy-policy\/","title":{"rendered":"Datenschutz"},"content":{"rendered":"\n<p><strong>1. RECHTSGRUNDLAGE<\/strong><\/p>\n\n\n\n<p>1.1. Die EU-Datenschutz-Grundverordnung, das Datenschutzgesetz 2000 sowie das Datenschutz-Anpassungsgesetz 2018 dienen dem Recht auf Schutz personenbezogener Daten. Wir verarbeiten Ihre Daten ausschlie\u00dflich auf Grundlage der gesetzlichen Bestimmungen (DSGVO, DSG 2018, TKG 2003).<br>&nbsp;<\/p>\n\n\n\n<p><strong>2. GRUNDS\u00c4TZLICHES<\/strong><br><br>2.1. Verantwortlicher ist SC Cosmetics Handels GmbH.<br><br>2.2. Uns ist es ein besonderes Anliegen, alle personenbezogenen Daten, die Sie uns anvertrauen, zu sch\u00fctzen und sicher zu verwahren. In diesem Dokument erfahren Sie mehr dar\u00fcber, wie wir Ihre personenbezogenen Daten verwenden und verarbeiten.<br>&nbsp;<\/p>\n\n\n\n<p><strong>3. ZWECKBINDUNG, RECHTSGRUNDLAGE, SPEICHERDAUER<\/strong><br><br>3.1. Die gesammelten personenbezogenen Daten ben\u00f6tigen wir zur Vertragserf\u00fcllung, Verrechnung, Geltendmachung der Vertragsanspr\u00fcche, f\u00fcr Zwecke des Kundenservice und f\u00fcr Werbezwecke. Die Daten werden hierf\u00fcr erhoben, gespeichert, verarbeitet und genutzt.<br><br>3.2. Die rechtlichen Grundlagen f\u00fcr die Verarbeitung von Ihren personenbezogenen Daten sind einerseits Vertragserf\u00fcllung (zB Onlineeinkauf), berechtigte Interessen, die Erf\u00fcllung unserer rechtlichen bzw vertraglichen Verpflichtungen sowie andererseits Ihre Einwilligung (zB Kontaktformular, Newsletter, Cookies). Die Nichtbereitstellung der Daten kann unterschiedliche Folgen haben.&nbsp;<br><br>3.3. Wir verarbeiten Ihre personenbezogenen Daten (Adresse, E-Mail-Adresse, Telefonnummer), soweit erforderlich, f\u00fcr die Dauer der gesamten Gesch\u00e4ftsbeziehung (von der Anbahnung, Abwicklung bis zur Beendigung eines Vertrags) sowie dar\u00fcber hinaus gem\u00e4\u00df den gesetzlichen Aufbewahrungs- und Dokumentationspflichten, die sich ua. aus dem Unternehmensgesetzbuch (UGB), der Bundesabgabenordnung (BAO) ergeben sowie bis zur Beendigung eines allf\u00e4lligen Rechtsstreits, fortlaufender Gew\u00e4hrleistungs- und Garantiefristen usw.<br>&nbsp;<\/p>\n\n\n\n<p><strong>4. KONTAKTFORMULAR<\/strong><br><br>4.1. &nbsp;Ihre Angaben inklusive pers\u00f6nlicher Daten aus unserem Kontaktformular werden zur Bearbeitung Ihrer Anfrage \u00fcber unseren eigenen Mailserver an uns \u00fcbermittelt, weiterverarbeitet und bei uns gespeichert. Diese Daten werden ohne Ihre Einverst\u00e4ndniserkl\u00e4rung nicht erhoben oder weitergegeben. Ohne diese Daten k\u00f6nnen wir jedoch Ihre Anfragen nicht bearbeiten.<br><br>4.2. Die Datenverarbeitung erfolgt auf Basis der gesetzlichen Bestimmungen des \u00a7 96 Abs 3 TKG sowie des Art 6 Abs 1 lit a (Einwilligung) DSGVO.<br>&nbsp;<\/p>\n\n\n\n<p><strong>5. NEWSLETTER<\/strong><br><br>5.1. Sie k\u00f6nnen sich auf der Website f\u00fcr unseren Newsletter kostenlos anmelden, abmelden indem Sie den Abmelde-Link am Ende jedes Newsletters bet\u00e4tigen.<br><br>5.2. Die Datenverarbeitung erfolgt auf Basis der gesetzlichen Bestimmungen des \u00a7 96 Abs 3 TKG sowie des Art 6 Abs 1 lit a (Einwilligung) DSGVO.&nbsp;<br>&nbsp;<\/p>\n\n\n\n<p><strong>6. ONLINEEINKAUF<\/strong><br><br>6.1. Wir weisen darauf hin, dass zum Zweck des einfacheren Einkaufsvorganges und zur sp\u00e4- teren Vertragsabwicklung vom Webshop-Betreiber www.swiss-color.com im Rahmen von Cookies die IP-Daten des Anschlussinhabers gespeichert werden, ebenso wie Name, Anschrift und Kreditkartennummer, Bankverbindung des K\u00e4ufers. Dar\u00fcber hinaus werden zum Zweck der Vertragsabwicklung folgende Daten auch bei uns gespeichert: E-Mail Adresse, Telefonnummer. Die von Ihnen bereit gestellten Daten sind zur Vertragserf\u00fcllung bzw zur Durchf\u00fchrung vorvertraglicher Ma\u00dfnahmen erforderlich. Ohne diese Daten k\u00f6nnen wir den Vertrag mit Ihnen nicht abschlie\u00dfen.<br><br>6.2. Eine \u00dcbermittlung der Daten erfolgt an die abwickelnden Bankinstitute zum Zweck der Abbuchung des Einkaufspreises, an das von uns beauftragte Transportunternehmen\/ Versandunternehmen zum Zweck der Zustellung der Ware sowie an unseren Steuerberater zum Zweck der Erf\u00fcllung unserer steuerrechtlichen Verpflichtungen. Diese haben sich zur Einhaltung der geltenden datenschutzrechtlichen Bestimmungen uns gegen\u00fcber verpflichtet. Es wurde ein Auftragsverarbeitungsvertrag gem\u00e4\u00df Art 28 DSGVO abgeschlossen. N\u00e4here Informationen zu den von uns beauftragten Auftragsverarbeitern k\u00f6nnen Sie unter&nbsp;<a href=\"mailto:ksilberberger@swiss-color.com\">ksilberberger@swiss-color.com<\/a>anfragen.<br><br>6.3. Die Datenverarbeitung erfolgt auf Basis der gesetzlichen Bestimmungen des \u00a7 96 Abs 3 TKG sowie des Art 6 DSGVO (insbesondere Einwilligung und\/oder Notwendigkeit der Vertragserf\u00fcllung).<br>&nbsp;<\/p>\n\n\n\n<p><strong>7. COOKIES, ANDERE TRACKING TOOLS SOWIE WEB-ANALYSE<\/strong><br><br>7.1. Cookies, andere Tracking-Technologien sowie Funktionen des Webanalysedienstes [Google Analytics] k\u00f6nnen auf unserer Internetplattform auf vielf\u00e4ltige Art und Weise zum Einsatz kommen. Cookies sind kleine Textinformationen, die eine Wiedererkennung des Nutzers und eine Analyse Ihrer Nutzung unserer Websites m\u00f6glich machen. Die dadurch erzeugten Informationen werden auf den Server des Anbieters \u00fcbertragen und dort gespeichert. Sie dienen dazu, unsere Internetpr\u00e4senz insgesamt nutzerfreundlicher, effektiver sowie sicherer zu machen. Zudem dienen Cookies zur Messung der H\u00e4ufigkeit von Seitenaufrufen und zur allgemeinen Navigation.<br><br>7.2. Durch die Nutzung unserer Website willigen Sie damit ein, dass wir Cookies setzen. Sie k\u00f6nnen in Ihren Browsereinstellungen die Annahme von Cookies verweigern. Wie dies im Einzelnen funktioniert, entnehmen Sie bitte der Anleitung Ihres Browser-Herstellers. Wenn Sie sich gegen bestimmte technische und\/oder funktionelle Cookies entscheiden, k\u00f6nnte die Funktionalit\u00e4t unserer Website eventuell eingeschr\u00e4nkt werden. Einige Cookies bleiben auf Ihrem Endger\u00e4t gespeichert, bis Sie diese l\u00f6schen.<br><br>7.3. Wir haben mit dem Anbieter einen entsprechenden Vertrag zur Auftragsdatenverarbeitung abgeschlossen. Diese haben sich zur Einhaltung der geltenden datenschutzrechtlichen Bestimmungen uns gegen\u00fcber verpflichtet. N\u00e4here Informationen zu den von uns beauftragten Auftragsverarbeitern k\u00f6nnen Sie unter&nbsp;<a href=\"mailto:ksilberberger@swiss-color.com\">ksilberberger@swiss-color.com<\/a>&nbsp;anfragen.<br><br>7.4. Die Datenverarbeitung erfolgt auf Basis der gesetzlichen Bestimmungen des \u00a7 96 Abs 3 TKG sowie des Art 6 DSGVO (insbesondere Einwilligung).<br>&nbsp;<\/p>\n\n\n\n<p><strong>8. EINWILLIGUNG UND RECHT AUF WIDERRUF<\/strong><br><br>8.1. Ist f\u00fcr die Verarbeitung Ihrer Daten Ihre Zustimmung notwendig, verarbeiten wir diese erst nach Ihrer ausdr\u00fccklichen Zustimmung.&nbsp;<br><br>8.2. Grunds\u00e4tzlich verarbeiten wir keine Daten minderj\u00e4hriger Personen und sind dazu auch nicht befugt. Mit der Abgabe Ihrer Zustimmung best\u00e4tigen Sie, dass Sie das 14. Lebensjahr vollendet haben oder die Zustimmung Ihres gesetzlichen Vertreters vorliegt.<br><br>8.3. Ihre Zustimmung k\u00f6nnen Sie jederzeit unter folgender E-Mail Adresse widerrufen:&nbsp;<a href=\"mailto:ksilberberger@swiss-color.com\">ksilberberger@swiss-color.com<\/a>. In einem solchen Fall werden die bisher \u00fcber Sie gespeicherten Daten anonymisiert und in weiterer Folge lediglich f\u00fcr statistische Zwecke ohne Personenbezug weiterverwendet. Mittels des Widerrufs der Zustimmung wird die Rechtm\u00e4\u00dfigkeit der aufgrund der Zustimmung bis zum Widerruf erfolgten Verarbeitung nicht ber\u00fchrt.<br>&nbsp;<\/p>\n\n\n\n<p><strong>9.DATENSICHERHEIT<\/strong><br><br>9.1. SC Cosmetics Handels GmbH setzt technische und organisatorische Sicherheitsma\u00df- nahmen ein, um die gespeicherten personenbezogenen Daten gegen zuf\u00e4llige oder vors\u00e4tzliche Manipulation, Verlust oder Zerst\u00f6rung und gegen den Zugriff unberechtigter Personen zu sch\u00fctzen. Unsere Sicherheitsma\u00dfnahmen werden entsprechend des technischen Fortschritts fortlaufend verbessert.<br>&nbsp;<\/p>\n\n\n\n<p><strong>10. IHRE RECHTE<\/strong><br><br>10.1. Sie haben jederzeit das Recht auf Auskunft seitens des Verantwortlichen Fr.K. Silberberger&nbsp;<a href=\"mailto:ksilberberger@swiss-color.com\">ksilberberger@swiss-color.com<\/a>, \u00fcber die betreffenden personenbezogenen Daten. Soweit keine gesetzliche Aufbewahrungspflicht besteht, haben Sie das Recht auf L\u00f6schung dieser Daten sowie Widerspruch gegen die Verarbeitung. Ferner haben Sie das Recht auf Berichtigung der Daten sowie auf Einschr\u00e4nkung der Verarbeitung, auf Daten\u00fcbertragbarkeit sowie auf Beschwerde bei der \u00d6sterreichischen Datenschutzbeh\u00f6rde (Wickenburggasse 8-10, 1080 Wien, E-Mail:&nbsp;<a href=\"mailto:dsb@dsb.gv.at\">dsb@dsb.gv.at<\/a>).&nbsp;<br><br>10.2. Wenden Sie sich bez\u00fcglich Ihrer Rechte bitte an uns unter&nbsp;<a href=\"mailto:ksilberberger@swiss-color.com\">ksilberberger@swiss-color.com<\/a>&nbsp;oder schreiben Sie an: SC Cosmetics Handels GmbH, Baumgarten 206, 6320 Angerberg&nbsp;<\/p>\n","protected":false},"excerpt":{"rendered":"<p>1. RECHTSGRUNDLAGE 1.1. Die EU-Datenschutz-Grundverordnung, das Datenschutzgesetz 2000 sowie das Datenschutz-Anpassungsgesetz 2018 dienen dem Recht auf Schutz personenbezogener Daten. Wir verarbeiten Ihre Daten ausschlie\u00dflich auf Grundlage der gesetzlichen Bestimmungen (DSGVO, DSG 2018, TKG 2003).&nbsp; 2. GRUNDS\u00c4TZLICHES 2.1. Verantwortlicher ist SC Cosmetics Handels GmbH. 2.2. Uns ist es ein besonderes Anliegen, alle personenbezogenen Daten, die Sie&#8230;<\/p>\n","protected":false},"author":1,"featured_media":0,"parent":0,"menu_order":0,"comment_status":"closed","ping_status":"closed","template":"","meta":{"kt_blocks_editor_width":"","_kad_post_transparent":"","_kad_post_title":"","_kad_post_layout":"","_kad_post_sidebar_id":"","_kad_post_content_style":"","_kad_post_vertical_padding":"","_kad_post_feature":"","_kad_post_feature_position":"","_kad_post_header":false,"_kad_post_footer":false},"_links":{"self":[{"href":"https:\/\/tattoo-removal-platform.com\/swiss-color\/wp-json\/wp\/v2\/pages\/3332"}],"collection":[{"href":"https:\/\/tattoo-removal-platform.com\/swiss-color\/wp-json\/wp\/v2\/pages"}],"about":[{"href":"https:\/\/tattoo-removal-platform.com\/swiss-color\/wp-json\/wp\/v2\/types\/page"}],"author":[{"embeddable":true,"href":"https:\/\/tattoo-removal-platform.com\/swiss-color\/wp-json\/wp\/v2\/users\/1"}],"replies":[{"embeddable":true,"href":"https:\/\/tattoo-removal-platform.com\/swiss-color\/wp-json\/wp\/v2\/comments?post=3332"}],"version-history":[{"count":1,"href":"https:\/\/tattoo-removal-platform.com\/swiss-color\/wp-json\/wp\/v2\/pages\/3332\/revisions"}],"predecessor-version":[{"id":4100,"href":"https:\/\/tattoo-removal-platform.com\/swiss-color\/wp-json\/wp\/v2\/pages\/3332\/revisions\/4100"}],"wp:attachment":[{"href":"https:\/\/tattoo-removal-platform.com\/swiss-color\/wp-json\/wp\/v2\/media?parent=3332"}],"curies":[{"name":"wp","href":"https:\/\/api.w.org\/{rel}","templated":true}]}}