{"id":3226,"date":"2021-07-12T14:47:43","date_gmt":"2021-06-09T21:59:41","guid":{"rendered":"https:\/\/tattoo-removal-platform.com\/swiss-color\/?post_type=product&#038;p=3226"},"modified":"2022-08-08T11:12:05","modified_gmt":"2022-08-08T09:12:05","slug":"schulung-zur-aufhellung-korrektur-und-entfernung-von-pmu-microblading-und-body-tattoos","status":"publish","type":"product","link":"https:\/\/tattoo-removal-platform.com\/swiss-color\/produkt\/schulung-zur-aufhellung-korrektur-und-entfernung-von-pmu-microblading-und-body-tattoos\/","title":{"rendered":"Schulung zur Aufhellung, Korrektur und Entfernung von PMU, Microblading und Body Tattoos"},"content":{"rendered":"<p>[vc_row][vc_column width=&#8220;1\/4&#8243;][vc_single_image image=&#8220;2947&#8243; img_size=&#8220;full&#8220; alignment=&#8220;center&#8220;][\/vc_column][vc_column width=&#8220;3\/4&#8243;][vc_column_text]<\/p>\n<h2 aria-level=\"2\"><b><span data-contrast=\"none\">F\u00fcr wen ist die Schulung geeignet?<\/span><\/b><b><span data-contrast=\"none\">\u00a0<\/span><\/b><span data-ccp-props=\"{&quot;134233117&quot;:true,&quot;134233118&quot;:true,&quot;201341983&quot;:2,&quot;335559740&quot;:384}\">\u00a0<\/span><\/h2>\n<p><span data-contrast=\"none\">Die Schulung ist der perfekte Einstieg in das Thema Tattooentfernung ohne Laser f\u00fcr <\/span><span data-contrast=\"none\">Personen <\/span><span data-contrast=\"none\">aus allen Branchen<\/span><span data-contrast=\"none\">,<\/span> <span data-contrast=\"none\">auch<\/span><span data-contrast=\"none\"> Seiteneinsteiger<\/span><span data-contrast=\"none\">n, die gewerblich t\u00e4tig werden wollen<\/span><span data-contrast=\"none\">. T\u00e4towierer k\u00f6nnen Cover-<\/span><span data-contrast=\"none\">ups<\/span><span data-contrast=\"none\"> aufhellen, ohne dass die Haut beeintr\u00e4chtigt wird. Permanent Make-up <\/span><span data-contrast=\"none\">Artists<\/span><span data-contrast=\"none\"> korrigieren schnell und unkompliziert leichte und mittlere Pigmentierungen von Augenbrauen und Lippen.<\/span><span data-contrast=\"none\">\u00a0<\/span><span data-ccp-props=\"{&quot;134233117&quot;:true,&quot;134233118&quot;:true}\">\u00a0<\/span><\/p>\n<h2><b><span data-contrast=\"none\"><br \/>\nKosten und Dauer der Schulung?\u00a0<\/span><\/b><span data-ccp-props=\"{}\">\u00a0<\/span><\/h2>\n<p class=\"xmsonormal\">Die Schulung kostet 595\u20ac inkl. eines Starter Sets im Wert von \u20ac 137,20. Das Set beinhaltet 1 Flasche colorLight, das milde Serum zur Entfernung, 1 Flasche SC MedSkin f\u00fcr Desinfektion und 1 Flasche aftercareX f\u00fcr die Pflege der Haut nach der Behandlung. Sobald Sie die Schulung absolviert haben, schicken wir Ihnen das Set zu. Unmittelbar nach der Zahlung der Schulungsgeb\u00fchr k\u00f6nnen Sie sofort loslegen. Durchschnittlich dauert die Schulung, die sie jederzeit unterbrechen k\u00f6nnen, 12-15 Stunden. Sie haben 20 Wochen Zeit die Schulung zu beenden. Nach erfolgreicher Abschlusspr\u00fcfung erhalten Sie Ihr Zertifikat.<\/p>\n<p>&nbsp;<\/p>\n<p class=\"xmsonormal\">Eine praktische Behandlung an einem Kunden ist w\u00e4hrend dieser Schulung nicht vorgesehen und auch nicht erforderlich wenn Sie nur mit dem milden Serum colorLight arbeiten. Wenn Sie mit dem st\u00e4rkeren Serum colorX arbeiten m\u00f6chten, brauchen Sie zus\u00e4tzlich einen Praxistag.<\/p>\n<p class=\"xmsonormal\"><strong style=\"font-family: Arial, Helvetica, sans-serif; font-size: 28px;\"><span class=\"s4\"><span class=\"bumpedFont15\"><br \/>\nDetaillierter Kursablauf<\/span><\/span><\/strong><\/p>\n<div>\n<div class=\"\" dir=\"auto\">\n<div class=\"s8\"><strong><span class=\"\">1.\u00a0<\/span><span class=\"s7\"><span class=\"bumpedFont15\">Onlineschulung:<\/span><\/span><span class=\"s3\"><span class=\"bumpedFont15\">\u00a0<\/span><\/span><\/strong><\/div>\n<div class=\"s8\"><span class=\"s3\"><span class=\"bumpedFont15\">Absolvieren Sie zuerst die Onlineschulung zur Aufhellung, Korrektur und Entfernung von PMU, Microblading und Body Tattoos auf dieser Seite.<\/span><\/span><\/div>\n<div class=\"\"><span class=\"s6\">\u00a0<\/span><\/div>\n<div class=\"\"><strong><span class=\"\">2.\u00a0<\/span><span class=\"s7\"><span class=\"bumpedFont15\">Abschluss der Onlineschulung:<\/span><\/span><span class=\"s3\"><span class=\"bumpedFont15\">\u00a0<\/span><\/span><\/strong><\/div>\n<div class=\"\"><span class=\"s3\"><span class=\"bumpedFont15\">Nach Abschluss der Onlineausbildung d\u00fcrfen Sie die Removal Methode zum Aufhellen mit SC colorLight anwenden. Der erfolgreiche Abschluss dieser Onlineausbildung ist zudem Voraussetzung f\u00fcr den Praxiskurs in einer SC Academy. Der Praxistag f\u00fcr SC colorX ist optional und kein Teil der Onlineschulung.<\/span><\/span><\/div>\n<div class=\"\"><span class=\"s6\">\u00a0<\/span><\/div>\n<div class=\"\"><strong><span class=\"\">3.\u00a0<\/span><span class=\"s7\"><span class=\"bumpedFont15\">Praxiskurs:<\/span><\/span><span class=\"s3\"><span class=\"bumpedFont15\">\u00a0<\/span><\/span><\/strong><\/div>\n<div class=\"\"><span class=\"s3\"><span class=\"bumpedFont15\">Absolvieren Sie den Praxiskurs (mit Live-Modellen) in einer SC Academy um Ihre Technik zu perfektionieren. Erst dann d\u00fcrfen Sie das Entfernungsprodukt SC colorX kaufen und die Entfernungsmethode mit SC colorX anwenden.<\/span><\/span><\/div>\n<\/div>\n<\/div>\n<div>\n<div class=\"\" dir=\"auto\">\n<div class=\"\"><span class=\"s3\"><span class=\"bumpedFont15\">Kontaktieren Sie uns bei weiteren Fragen zur Onlineschulung oder zum Praxistag unter\u00a0<\/span><\/span><a class=\"\" href=\"mailto:academy@swiss-color.com\"><span class=\"s9\"><span class=\"bumpedFont15\">academy@swiss-color.com<\/span><\/span><\/a><span class=\"s3\"><span class=\"bumpedFont15\">.<\/span><\/span><\/div>\n<\/div>\n<\/div>\n<p>[\/vc_column_text][vc_empty_space][\/vc_column][\/vc_row][vc_row][vc_column width=&#8220;1\/2&#8243;][vc_tta_accordion style=&#8220;outline&#8220; color=&#8220;black&#8220; active_section=&#8220;1&#8243;][vc_tta_section title=&#8220;Voraussetzungen&#8220; tab_id=&#8220;1620032370682-83746e20-3d0e&#8220;][vc_column_text]<span class=\"TextRun SCXW93872258 BCX4\" lang=\"DE-DE\" xml:lang=\"DE-DE\" data-contrast=\"none\"><span class=\"NormalTextRun SCXW93872258 BCX4\" data-ccp-parastyle=\"Normal (Web)\">Sie ben\u00f6tigen lediglich einen Internetzugang, ein iPad oder PC. Ein Handy ist aufgrund des kleinen Bildschirms nicht geeignet. Durch die intuitive Men\u00fcf\u00fchrung ist die Schulung auch f\u00fcr Personen ohne online Erfahrung geeignet. F\u00fcr die Schulung selbst ben\u00f6tigen Sie kein Entfernungsger\u00e4t.\u00a0<\/span><\/span><span class=\"EOP SCXW93872258 BCX4\" data-ccp-props=\"{&quot;134233117&quot;:true,&quot;134233118&quot;:true}\">\u00a0<\/span>[\/vc_column_text][\/vc_tta_section][vc_tta_section title=&#8220;Wie sicher ist die Removal Technik?&#8220; tab_id=&#8220;1620032370706-5c1b6420-184f&#8220;][vc_column_text]<span class=\"TextRun SCXW109443834 BCX4\" lang=\"DE-DE\" xml:lang=\"DE-DE\" data-contrast=\"auto\"><span class=\"NormalTextRun SCXW109443834 BCX4\">Unsere Entfernungs-Technik ist eine der sichersten Behandlungen weltweit und erbringt \u00fcberraschend gute Ergebnisse. Jeder kann diese Technik erlernen und damit den Einstieg in die Tattooentfernung ohne Laser beginnen. <\/span><\/span><span class=\"TextRun SCXW109443834 BCX4\" lang=\"DE-DE\" xml:lang=\"DE-DE\" data-contrast=\"auto\"><span class=\"NormalTextRun SCXW109443834 BCX4\">Unsere bew\u00e4hrte Einverst\u00e4ndniserkl\u00e4rung sichert Sie und Ihre Kunden <\/span><\/span><span class=\"TextRun SCXW109443834 BCX4\" lang=\"DE-DE\" xml:lang=\"DE-DE\" data-contrast=\"auto\"><span class=\"NormalTextRun SCXW109443834 BCX4\">umfassend<\/span><\/span><span class=\"TextRun SCXW109443834 BCX4\" lang=\"DE-DE\" xml:lang=\"DE-DE\" data-contrast=\"auto\"><span class=\"NormalTextRun SCXW109443834 BCX4\"> ab.\u00a0<\/span><\/span><span class=\"EOP SCXW109443834 BCX4\" data-ccp-props=\"{}\">\u00a0<\/span>[\/vc_column_text][\/vc_tta_section][vc_tta_section title=&#8220;Inhalt&#8220; tab_id=&#8220;1620032440147-ed4bff2d-d198&#8243;][vc_column_text]<span data-contrast=\"auto\">I<\/span><span data-contrast=\"auto\">n 12 <\/span><span data-contrast=\"auto\">umfangreichen <\/span><span data-contrast=\"auto\">Kapiteln<\/span><span style=\"color: #ccffcc;\">\u00a0<\/span><span data-contrast=\"auto\">erfahren Sie \u00a0<\/span><span data-contrast=\"auto\">alles<\/span><span data-contrast=\"auto\">,<\/span><span data-contrast=\"auto\"> was Sie <\/span><span data-contrast=\"auto\">an medizinischem, rechtlichem und praktischem Wissen <\/span><span data-contrast=\"auto\">f\u00fcr die <\/span><span data-contrast=\"auto\">sichere Durchf\u00fchrung dieser kosmetischen <\/span><span data-contrast=\"auto\">T\u00e4tigkeit ben\u00f6tigen<\/span><span data-contrast=\"auto\">.\u00a0<\/span><span data-ccp-props=\"{}\">\u00a0<\/span><\/p>\n<p><span data-ccp-props=\"{}\"><span style=\"font-family: var(--global-body-font-family);\" data-contrast=\"auto\"><br \/>\nSie werden Schritt f\u00fcr Schritt mit der Behandlungstechnik vertraut gemacht. Der umfangreiche Lernstoff wird Ihnen mit vielen Videos, Grafiken, Fragen und Antworten, \u00dcbungen und Wiederholungen mithilfe von modernster E-Learning Technik unkompliziert vermittelt. Die praktische Erfahrung aus mehr als 10 Jahren <\/span><span style=\"font-family: var(--global-body-font-family);\" data-contrast=\"auto\">Behandlung <\/span><span style=\"font-family: var(--global-body-font-family);\" data-contrast=\"auto\">in 20 L\u00e4ndern mit tausenden von <\/span><span style=\"font-family: var(--global-body-font-family);\" data-contrast=\"auto\">Kunden <\/span><span style=\"font-family: var(--global-body-font-family);\" data-contrast=\"auto\">sind <\/span><span style=\"font-family: var(--global-body-font-family);\" data-contrast=\"auto\">in die<\/span><span style=\"font-family: var(--global-body-font-family);\" data-contrast=\"auto\">se<\/span><span style=\"font-family: var(--global-body-font-family);\" data-contrast=\"auto\"> Schulung <\/span><span style=\"font-family: var(--global-body-font-family);\" data-contrast=\"auto\">eingeflossen. <\/span><span style=\"font-family: var(--global-body-font-family);\" data-contrast=\"auto\">Jedes Kapitel und auch jede \u00dcbung kann mehrfach wiederholt werden.\u00a0<\/span><br \/>\n<\/span>[\/vc_column_text][\/vc_tta_section][\/vc_tta_accordion][\/vc_column][vc_column width=&#8220;1\/2&#8243;][vc_single_image image=&#8220;3168&#8243; img_size=&#8220;full&#8220; alignment=&#8220;center&#8220;][\/vc_column][\/vc_row][vc_row][vc_column][vc_column_text]<\/p>\n<h2><b><span data-contrast=\"none\">Das <\/span><\/b><b><span data-contrast=\"none\">Ziel der Schulung\u00a0<\/span><\/b><\/h2>\n<p><span data-contrast=\"auto\">Die Schulung <\/span><span data-contrast=\"auto\">wird Sie <\/span><span data-contrast=\"auto\">bef\u00e4hig<\/span><span data-contrast=\"auto\">en<\/span> <span data-contrast=\"auto\">unmittelbar <\/span><span data-contrast=\"auto\">K\u00f6rper Tattoos, PMU oder <\/span><span data-contrast=\"auto\">Microblading<\/span><span data-contrast=\"auto\"> zu behandeln<\/span><span data-contrast=\"auto\">, ein profitables Gesch\u00e4ft aufzubauen<\/span><span data-contrast=\"auto\">,<\/span> <span data-contrast=\"auto\">Ihr bestehendes Angebot zu erweitern <\/span><span data-contrast=\"auto\">und in das boomende Gesch\u00e4ft der Tattooentfernung einzusteigen<\/span><span data-contrast=\"auto\">.\u00a0<\/span><\/p>\n<p><span data-ccp-props=\"{}\"><span style=\"font-family: var(--global-body-font-family);\" data-contrast=\"auto\"><br \/>\nWir w\u00fcnschen Ihnen jetzt schon viel Spa\u00df<\/span><span style=\"font-family: var(--global-body-font-family);\" data-contrast=\"auto\"> und viel Erfolg.<\/span><\/span><\/p>\n<p><span data-ccp-props=\"{}\"><span style=\"font-family: var(--global-body-font-family);\" data-ccp-props=\"{}\"><br \/>\n<\/span><\/span><span data-ccp-props=\"{}\"><span style=\"font-family: var(--global-body-font-family);\" data-contrast=\"auto\">Ihr\u00a0<\/span><span style=\"font-family: var(--global-body-font-family);\" data-ccp-props=\"{}\">\u00a0<\/span><b style=\"font-family: var(--global-body-font-family);\"><span data-contrast=\"auto\">SWISS COLOR TEAM<\/span><\/b><span style=\"font-family: var(--global-body-font-family);\" data-contrast=\"auto\">\u00a0<\/span><span style=\"font-family: var(--global-body-font-family);\" data-ccp-props=\"{}\">\u00a0<\/span><\/span><\/p>\n<p><span data-ccp-props=\"{}\"><b style=\"font-family: var(--global-body-font-family);\"><span data-contrast=\"none\"><br \/>\nP.S.: <\/span><\/b><span style=\"font-family: var(--global-body-font-family);\" data-contrast=\"none\">Ist noch was unklar<\/span><span style=\"font-family: var(--global-body-font-family);\" data-contrast=\"none\">? S<\/span><span style=\"font-family: var(--global-body-font-family);\" data-contrast=\"none\">chreiben Sie eine E-Mail an academy@swiss-color.com<\/span><br \/>\n<\/span>[\/vc_column_text][\/vc_column][\/vc_row]<\/p>\n","protected":false},"excerpt":{"rendered":"<p><span data-contrast=\"none\">Die Schulung ist der perfekte Einstieg in das Thema Tattooentfernung ohne Laser f\u00fcr <\/span><span data-contrast=\"none\">Personen <\/span><span data-contrast=\"none\">aus allen Branchen<\/span><span data-contrast=\"none\">,<\/span> <span data-contrast=\"none\">auch<\/span><span data-contrast=\"none\"> Seiteneinsteiger<\/span><span data-contrast=\"none\">n, die gewerblich t\u00e4tig werden wollen<\/span><span data-contrast=\"none\">. T\u00e4towierer k\u00f6nnen Cover-<\/span><span data-contrast=\"none\">ups<\/span><span data-contrast=\"none\"> aufhellen, ohne dass die Haut beeintr\u00e4chtigt wird. Permanent Make-up <\/span><span data-contrast=\"none\">Artists<\/span><span data-contrast=\"none\"> korrigieren schnell und unkompliziert leichte und mittlere Pigmentierungen von Augenbrauen und Lippen.<\/span><\/p>\n","protected":false},"featured_media":2962,"template":"","meta":{"kt_blocks_editor_width":"","_kad_post_transparent":"default","_kad_post_title":"","_kad_post_layout":"default","_kad_post_sidebar_id":"","_kad_post_content_style":"default","_kad_post_vertical_padding":"default","_kad_post_feature":"","_kad_post_feature_position":"","_kad_post_header":false,"_kad_post_footer":false},"_links":{"self":[{"href":"https:\/\/tattoo-removal-platform.com\/swiss-color\/wp-json\/wp\/v2\/product\/3226"}],"collection":[{"href":"https:\/\/tattoo-removal-platform.com\/swiss-color\/wp-json\/wp\/v2\/product"}],"about":[{"href":"https:\/\/tattoo-removal-platform.com\/swiss-color\/wp-json\/wp\/v2\/types\/product"}],"wp:featuredmedia":[{"embeddable":true,"href":"https:\/\/tattoo-removal-platform.com\/swiss-color\/wp-json\/wp\/v2\/media\/2962"}],"wp:attachment":[{"href":"https:\/\/tattoo-removal-platform.com\/swiss-color\/wp-json\/wp\/v2\/media?parent=3226"}],"curies":[{"name":"wp","href":"https:\/\/api.w.org\/{rel}","templated":true}]}}